{"id":634,"date":"2021-10-14T10:22:35","date_gmt":"2021-10-14T10:22:35","guid":{"rendered":"https:\/\/piscinasdecemento.com\/fr\/?page_id=634"},"modified":"2021-10-19T11:47:57","modified_gmt":"2021-10-19T11:47:57","slug":"politique-de-cookies","status":"publish","type":"page","link":"https:\/\/piscinasdecemento.com\/fr\/politique-de-cookies","title":{"rendered":"Politique de cookies"},"content":{"rendered":"<h2><strong>DES INFORMATIONS SUR LES COOKIES :<\/strong><\/h2>\n<p>Les cookies sont des fichiers qui peuvent \u00eatre t\u00e9l\u00e9charg\u00e9s sur votre ordinateur par des sites web. Ce sont des outils qui jouent un r\u00f4le essentiel dans la fourniture de nombreux services de la soci\u00e9t\u00e9 de l&rsquo;information. Ils permettent, entre autres, \u00e0 un site web de stocker et de r\u00e9cup\u00e9rer des informations sur les habitudes de navigation d&rsquo;un utilisateur ou de son \u00e9quipement et, en fonction des informations obtenues, ils peuvent \u00eatre utilis\u00e9s pour reconna\u00eetre l&rsquo;utilisateur et am\u00e9liorer le service offert.<\/p>\n<h2><strong>LES TYPES DE COOKIES :<\/strong><\/h2>\n<p>En fonction de l&rsquo;entit\u00e9 qui g\u00e8re le domaine \u00e0 partir duquel les cookies sont envoy\u00e9s et qui traite les donn\u00e9es obtenues, on peut distinguer deux types : les cookies de premi\u00e8re partie et les cookies de tierce partie.<\/p>\n<p>Il existe \u00e9galement une deuxi\u00e8me classification en fonction de la dur\u00e9e pendant laquelle ils restent stock\u00e9s dans le navigateur du client, \u00e0 savoir les cookies de session ou les cookies persistants.<\/p>\n<p>Enfin, il existe une autre classification avec cinq types de cookies en fonction de la finalit\u00e9 pour laquelle les donn\u00e9es obtenues sont trait\u00e9es : les cookies techniques, les cookies de personnalisation, les cookies d&rsquo;analyse, les cookies publicitaires et les cookies de publicit\u00e9 comportementale.<\/p>\n<h2><strong>LES COOKIES UTILIS\u00c9S SUR LE SITE WEB :<\/strong><\/h2>\n<p>Les cookies qui sont utilis\u00e9s sur ce portail sont identifi\u00e9s ci-dessous, ainsi que leur type et leur fonction : Un cookie technique appel\u00e9 PHPSESSID, qui est n\u00e9cessaire pour la navigation correcte des pages web. Cookies de Google Analytics, un service d&rsquo;analyse web d\u00e9velopp\u00e9 par Google, qui permet de mesurer et d&rsquo;analyser la navigation sur les pages web. Dans votre navigateur, vous pouvez voir 4 cookies de ce service. Selon la typologie ci-dessus, il s&rsquo;agit de cookies de premi\u00e8re partie, de session et d&rsquo;analyse. Vous pouvez trouver plus d&rsquo;informations \u00e0 ce sujet et d\u00e9sactiver l&rsquo;utilisation de ces cookies \u00e0 l&rsquo;adresse suivante : <a href=\"http:\/\/www.google.es\/intl\/es_ALL\/analytics\/learn\/privacy.html\">http:\/\/www.google.es\/intl\/es_ALL\/analytics\/learn\/privacy.html<\/a>. Gr\u00e2ce \u00e0 l&rsquo;analyse web, aucune information sur vos donn\u00e9es personnelles n&rsquo;est obtenue, ce qui garantit la protection de la vie priv\u00e9e des personnes qui naviguent sur le web. Les informations obtenues concernent le nombre d&rsquo;utilisateurs acc\u00e9dant au site web, le nombre de pages consult\u00e9es, la fr\u00e9quence et la r\u00e9p\u00e9tition des visites, leur dur\u00e9e, le navigateur utilis\u00e9, l&rsquo;op\u00e9rateur fournissant le service, la langue, le terminal utilis\u00e9 ou la ville \u00e0 laquelle est attribu\u00e9e votre adresse IP. Ces informations permettent \u00e0 ce portail de fournir un service meilleur et plus appropri\u00e9.<\/p>\n<h2><strong>COMMENT MODIFIER LA CONFIGURATION DES COOKIES :<\/strong><\/h2>\n<p>Vous pouvez restreindre, bloquer ou supprimer les cookies de ce site ou de toute autre page web, en utilisant votre navigateur. Dans chaque navigateur, l&rsquo;op\u00e9ration est diff\u00e9rente, la fonction d&rsquo;aide vous montrera comment proc\u00e9der.<\/p>\n<ul>\n<li>Internet Explorer : <a href=\"http:\/\/windows.microsoft.com\/es-xl\/internet-explorer\/delete-manage-cookies#ie= &quot;ie-10&quot;\">http:\/\/windows.microsoft.com\/es-xl\/internet-explorer\/delete-manage-cookies#ie= \u00ab\u00a0ie-10\u00a0\u00bb<\/a>.<\/li>\n<li>FireFox : <a href=\"https:\/\/support.mozilla.org\/es\/kb\/Borrar%20cookies\">https:\/\/support.mozilla.org\/es\/kb\/Borrar%20cookies<\/a><\/li>\n<li>Chrome : <a href=\"https:\/\/support.google.com\/chrome\/answer\/95647?hl= &quot;en&quot;\">https:\/\/support.google.com\/chrome\/answer\/95647?hl= \u00ab\u00a0en\u00a0\u00bb<\/a><\/li>\n<\/ul>\n<p>Vous pouvez \u00e9galement modifier vos param\u00e8tres de cookies en cliquant sur le bouton suivant :<\/p>\n<p>[param\u00e8tres des cookies]<\/p>\n","protected":false},"excerpt":{"rendered":"<p>DES INFORMATIONS SUR LES COOKIES : Les cookies sont des fichiers qui peuvent \u00eatre t\u00e9l\u00e9charg\u00e9s sur votre ordinateur par des sites web. Ce sont des outils qui jouent un r\u00f4le essentiel dans la fourniture de nombreux services de la soci\u00e9t\u00e9 de l&rsquo;information. Ils permettent, entre autres, \u00e0 un site web de stocker et de r\u00e9cup\u00e9rer [&hellip;]<\/p>\n","protected":false},"author":1,"featured_media":0,"parent":0,"menu_order":8,"comment_status":"closed","ping_status":"closed","template":"","meta":{"_acf_changed":false,"footnotes":""},"class_list":["post-634","page","type-page","status-publish","hentry"],"acf":[],"yoast_head":"<!-- This site is optimized with the Yoast SEO plugin v22.1 - https:\/\/yoast.com\/wordpress\/plugins\/seo\/ -->\n<title>Politique de cookies - PC Piscinas<\/title>\n<meta name=\"robots\" content=\"noindex, follow, max-snippet:-1, max-image-preview:large, max-video-preview:-1\" \/>\n<meta property=\"og:locale\" content=\"fr_FR\" \/>\n<meta property=\"og:type\" content=\"article\" \/>\n<meta property=\"og:title\" content=\"Politique de cookies - PC Piscinas\" \/>\n<meta property=\"og:description\" content=\"DES INFORMATIONS SUR LES COOKIES : Les cookies sont des fichiers qui peuvent \u00eatre t\u00e9l\u00e9charg\u00e9s sur votre ordinateur par des sites web. Ce sont des outils qui jouent un r\u00f4le essentiel dans la fourniture de nombreux services de la soci\u00e9t\u00e9 de l&rsquo;information. Ils permettent, entre autres, \u00e0 un site web de stocker et de r\u00e9cup\u00e9rer [&hellip;]\" \/>\n<meta property=\"og:url\" content=\"https:\/\/piscinasdecemento.com\/fr\/politique-de-cookies\" \/>\n<meta property=\"og:site_name\" content=\"PC Piscinas\" \/>\n<meta property=\"article:modified_time\" content=\"2021-10-19T11:47:57+00:00\" \/>\n<meta name=\"twitter:card\" content=\"summary_large_image\" \/>\n<meta name=\"twitter:label1\" content=\"Dur\u00e9e de lecture estim\u00e9e\" \/>\n\t<meta name=\"twitter:data1\" content=\"3 minutes\" \/>\n<script type=\"application\/ld+json\" class=\"yoast-schema-graph\">{\"@context\":\"https:\/\/schema.org\",\"@graph\":[{\"@type\":\"WebPage\",\"@id\":\"https:\/\/piscinasdecemento.com\/fr\/politique-de-cookies\",\"url\":\"https:\/\/piscinasdecemento.com\/fr\/politique-de-cookies\",\"name\":\"Politique de cookies - PC Piscinas\",\"isPartOf\":{\"@id\":\"https:\/\/piscinasdecemento.com\/fr\/#website\"},\"datePublished\":\"2021-10-14T10:22:35+00:00\",\"dateModified\":\"2021-10-19T11:47:57+00:00\",\"breadcrumb\":{\"@id\":\"https:\/\/piscinasdecemento.com\/fr\/politique-de-cookies#breadcrumb\"},\"inLanguage\":\"fr-FR\",\"potentialAction\":[{\"@type\":\"ReadAction\",\"target\":[\"https:\/\/piscinasdecemento.com\/fr\/politique-de-cookies\"]}]},{\"@type\":\"BreadcrumbList\",\"@id\":\"https:\/\/piscinasdecemento.com\/fr\/politique-de-cookies#breadcrumb\",\"itemListElement\":[{\"@type\":\"ListItem\",\"position\":1,\"name\":\"Portada\",\"item\":\"https:\/\/piscinasdecemento.com\/fr\/\"},{\"@type\":\"ListItem\",\"position\":2,\"name\":\"Politique de cookies\"}]},{\"@type\":\"WebSite\",\"@id\":\"https:\/\/piscinasdecemento.com\/fr\/#website\",\"url\":\"https:\/\/piscinasdecemento.com\/fr\/\",\"name\":\"PC Piscinas\",\"description\":\"\",\"potentialAction\":[{\"@type\":\"SearchAction\",\"target\":{\"@type\":\"EntryPoint\",\"urlTemplate\":\"https:\/\/piscinasdecemento.com\/fr\/?s={search_term_string}\"},\"query-input\":\"required name=search_term_string\"}],\"inLanguage\":\"fr-FR\"}]}<\/script>\n<!-- \/ Yoast SEO plugin. -->","yoast_head_json":{"title":"Politique de cookies - PC Piscinas","robots":{"index":"noindex","follow":"follow","max-snippet":"max-snippet:-1","max-image-preview":"max-image-preview:large","max-video-preview":"max-video-preview:-1"},"og_locale":"fr_FR","og_type":"article","og_title":"Politique de cookies - PC Piscinas","og_description":"DES INFORMATIONS SUR LES COOKIES : Les cookies sont des fichiers qui peuvent \u00eatre t\u00e9l\u00e9charg\u00e9s sur votre ordinateur par des sites web. Ce sont des outils qui jouent un r\u00f4le essentiel dans la fourniture de nombreux services de la soci\u00e9t\u00e9 de l&rsquo;information. Ils permettent, entre autres, \u00e0 un site web de stocker et de r\u00e9cup\u00e9rer [&hellip;]","og_url":"https:\/\/piscinasdecemento.com\/fr\/politique-de-cookies","og_site_name":"PC Piscinas","article_modified_time":"2021-10-19T11:47:57+00:00","twitter_card":"summary_large_image","twitter_misc":{"Dur\u00e9e de lecture estim\u00e9e":"3 minutes"},"schema":{"@context":"https:\/\/schema.org","@graph":[{"@type":"WebPage","@id":"https:\/\/piscinasdecemento.com\/fr\/politique-de-cookies","url":"https:\/\/piscinasdecemento.com\/fr\/politique-de-cookies","name":"Politique de cookies - PC Piscinas","isPartOf":{"@id":"https:\/\/piscinasdecemento.com\/fr\/#website"},"datePublished":"2021-10-14T10:22:35+00:00","dateModified":"2021-10-19T11:47:57+00:00","breadcrumb":{"@id":"https:\/\/piscinasdecemento.com\/fr\/politique-de-cookies#breadcrumb"},"inLanguage":"fr-FR","potentialAction":[{"@type":"ReadAction","target":["https:\/\/piscinasdecemento.com\/fr\/politique-de-cookies"]}]},{"@type":"BreadcrumbList","@id":"https:\/\/piscinasdecemento.com\/fr\/politique-de-cookies#breadcrumb","itemListElement":[{"@type":"ListItem","position":1,"name":"Portada","item":"https:\/\/piscinasdecemento.com\/fr\/"},{"@type":"ListItem","position":2,"name":"Politique de cookies"}]},{"@type":"WebSite","@id":"https:\/\/piscinasdecemento.com\/fr\/#website","url":"https:\/\/piscinasdecemento.com\/fr\/","name":"PC Piscinas","description":"","potentialAction":[{"@type":"SearchAction","target":{"@type":"EntryPoint","urlTemplate":"https:\/\/piscinasdecemento.com\/fr\/?s={search_term_string}"},"query-input":"required name=search_term_string"}],"inLanguage":"fr-FR"}]}},"_links":{"self":[{"href":"https:\/\/piscinasdecemento.com\/fr\/wp-json\/wp\/v2\/pages\/634","targetHints":{"allow":["GET"]}}],"collection":[{"href":"https:\/\/piscinasdecemento.com\/fr\/wp-json\/wp\/v2\/pages"}],"about":[{"href":"https:\/\/piscinasdecemento.com\/fr\/wp-json\/wp\/v2\/types\/page"}],"author":[{"embeddable":true,"href":"https:\/\/piscinasdecemento.com\/fr\/wp-json\/wp\/v2\/users\/1"}],"replies":[{"embeddable":true,"href":"https:\/\/piscinasdecemento.com\/fr\/wp-json\/wp\/v2\/comments?post=634"}],"version-history":[{"count":3,"href":"https:\/\/piscinasdecemento.com\/fr\/wp-json\/wp\/v2\/pages\/634\/revisions"}],"predecessor-version":[{"id":748,"href":"https:\/\/piscinasdecemento.com\/fr\/wp-json\/wp\/v2\/pages\/634\/revisions\/748"}],"wp:attachment":[{"href":"https:\/\/piscinasdecemento.com\/fr\/wp-json\/wp\/v2\/media?parent=634"}],"curies":[{"name":"wp","href":"https:\/\/api.w.org\/{rel}","templated":true}]}}